{"id":75,"date":"2017-05-08T21:52:37","date_gmt":"2017-05-08T21:52:37","guid":{"rendered":"https:\/\/store.vacuum-cnc.com\/english\/?page_id=75"},"modified":"2019-07-01T09:23:07","modified_gmt":"2019-07-01T09:23:07","slug":"company","status":"publish","type":"page","link":"https:\/\/store.vacuum-cnc.com\/en\/company\/","title":{"rendered":"Company"},"content":{"rendered":"<div  class=\"fusion-fullwidth fullwidth-box fusion-blend-mode nonhundred-percent-fullwidth\"  style='background-color: rgba(255,255,255,0);background-position: center center;background-repeat: no-repeat;padding-top:0px;padding-right:0px;padding-bottom:0px;padding-left:0px;'><div class=\"fusion-builder-row fusion-row \"><div  data-animationType=slideInLeft data-animationDuration=0.3 data-animationOffset=100% class=\"fusion-layout-column fusion_builder_column fusion_builder_column_1_1  fusion-one-full fusion-column-first fusion-column-last cont-queson fusion-animated 1_1\"  style='margin-top:0px;margin-bottom:20px;'>\n\t\t\t\t\t<div class=\"fusion-column-wrapper\" style=\"background-position:left top;background-repeat:no-repeat;-webkit-background-size:cover;-moz-background-size:cover;-o-background-size:cover;background-size:cover;\"  data-bg-url=\"\">\n\t\t\t\t\t\t<div class=\"fusion-title title fusion-sep-none fusion-title-size-one\" style=\"margin-top:0px;margin-bottom:31px;\"><h1 class=\"title-heading-left\">Company<\/h1><\/div><div class=\"fusion-sep-clear\"><\/div><div class=\"fusion-separator sep-single sep-solid\" style=\"border-color:#b60d3a;border-top-width:5px;margin-left: auto;margin-right: auto;margin-top:5px;margin-bottom:0px;width:100%;max-width:82%;\"><\/div><div class=\"imageframe-align-center\"><span class=\"fusion-imageframe imageframe-none imageframe-1 hover-type-none\"><img decoding=\"async\" src=\"https:\/\/store.vacuum-cnc.com\/wp-content\/uploads\/sites\/4\/2017\/05\/empresa.jpg\" width=\"\" height=\"\" alt=\"\" title=\"\" class=\"img-responsive\"\/><\/span><\/div><div class=\"fusion-clearfix\"><\/div>\n\n\t\t\t\t\t<\/div>\n\t\t\t\t<\/div><div  class=\"fusion-layout-column fusion_builder_column fusion_builder_column_3_5  fusion-three-fifth fusion-column-first 3_5\"  style='margin-top:0px;margin-bottom:20px;width:60%;width:calc(60% - ( ( 4% ) * 0.6 ) );margin-right: 4%;'>\n\t\t\t\t\t<div class=\"fusion-column-wrapper\" style=\"background-position:left top;background-repeat:no-repeat;-webkit-background-size:cover;-moz-background-size:cover;-o-background-size:cover;background-size:cover;\"  data-bg-url=\"\">\n\t\t\t\t\t\t<p style=\"text-align: justify;\">VACUUM CNC est\u00e1 formado por un equipo humano con una larga experiencia dentro del manejo y el trabajo con m\u00e1quinas de control num\u00e9rico para madera. Equipo, que ha sido posteriormente complementado, con un ingeniero mec\u00e1nico y un dise\u00f1ador industrial.<\/p>\n<p style=\"text-align: justify;\">Fruto de este trabajo y experiencia VACUUM CNC ha patentado un sistema de fijaci\u00f3n por ventosas innovador, que re\u00fane una serie de caracter\u00edsticas y ventajas que, estamos seguros, todos los usuarios de m\u00e1quinas cnc van a saber apreciar.<\/p>\n<p style=\"text-align: justify;\">Pero no nos quedamos ah\u00ed. Trabajamos d\u00eda a d\u00eda para mejorar nuestros sistemas y obtener nuevos productos que faciliten el trabajo de nuestros clientes.<\/p>\n<ul>\n<li style=\"text-align: justify;\">Productos de alta calidad<\/li>\n<li style=\"text-align: justify;\">Fabricamos m\u00e1s de 200 piezas diferentes<\/li>\n<li style=\"text-align: justify;\">Ventosas intercambiables, con giro de 360\u00ba y auto bloqueo<\/li>\n<\/ul>\n<div class=\"fusion-clearfix\"><\/div>\n\n\t\t\t\t\t<\/div>\n\t\t\t\t<\/div><div  class=\"fusion-layout-column fusion_builder_column fusion_builder_column_2_5  fusion-two-fifth fusion-column-last 2_5\"  style='margin-top:0px;margin-bottom:20px;width:40%;width:calc(40% - ( ( 4% ) * 0.4 ) );'>\n\t\t\t\t\t<div class=\"fusion-column-wrapper\" style=\"background-color:#302f2f;padding: 40px 25px 40px 25px;background-position:left top;background-repeat:no-repeat;-webkit-background-size:cover;-moz-background-size:cover;-o-background-size:cover;background-size:cover;\"  data-bg-url=\"\">\n\t\t\t\t\t\t<p><span class=\"white-text\"><strong>AHORRA<\/strong><\/span><br \/>\n<span class=\"white-text\">Nuestro revolucionario sistema implica un relevante ahorro a la larga.<\/span><\/p>\n<p><span class=\"white-text\"> Cuando no haya m\u00e1s opci\u00f3n, cambiaremos la copa estropeada, pero mantendremos la base, con el consiguiente ahorro respecto a otros fabricantes.<\/span><\/p>\n<div class=\"fusion-clearfix\"><\/div>\n\n\t\t\t\t\t<\/div>\n\t\t\t\t<\/div><\/div><\/div>\n","protected":false},"excerpt":{"rendered":"","protected":false},"author":1,"featured_media":0,"parent":0,"menu_order":0,"comment_status":"closed","ping_status":"closed","template":"","meta":{"om_disable_all_campaigns":false,"_eb_attr":"","_mi_skip_tracking":false,"_monsterinsights_sitenote_active":false,"_monsterinsights_sitenote_note":"","_monsterinsights_sitenote_category":0,"neve_meta_sidebar":"","neve_meta_container":"","neve_meta_enable_content_width":"","neve_meta_content_width":0,"neve_meta_title_alignment":"","neve_meta_author_avatar":"","neve_post_elements_order":"","neve_meta_disable_header":"","neve_meta_disable_footer":"","neve_meta_disable_title":"","_glsr_average":0,"_glsr_ranking":0,"_glsr_reviews":0,"footnotes":""},"class_list":["post-75","page","type-page","status-publish","hentry"],"aioseo_notices":[],"yoast_head":"<!-- This site is optimized with the Yoast SEO plugin v14.3 - https:\/\/yoast.com\/wordpress\/plugins\/seo\/ -->\n<title>Company &ndash; Vacuum CNC (English)<\/title>\n<meta name=\"robots\" content=\"index, follow\" \/>\n<meta name=\"googlebot\" content=\"index, follow, max-snippet:-1, max-image-preview:large, max-video-preview:-1\" \/>\n<meta name=\"bingbot\" content=\"index, follow, max-snippet:-1, max-image-preview:large, max-video-preview:-1\" \/>\n<link rel=\"canonical\" href=\"https:\/\/vacuum-cnc.com\/en\/company\/\" \/>\n<meta property=\"og:locale\" content=\"en_GB\" \/>\n<meta property=\"og:type\" content=\"article\" \/>\n<meta property=\"og:title\" content=\"Company &ndash; Vacuum CNC (English)\" \/>\n<meta property=\"og:url\" content=\"https:\/\/vacuum-cnc.com\/en\/company\/\" \/>\n<meta property=\"og:site_name\" content=\"Vacuum CNC (English)\" \/>\n<meta property=\"article:modified_time\" content=\"2019-07-01T09:23:07+00:00\" \/>\n<meta name=\"twitter:card\" content=\"summary_large_image\" \/>\n<script type=\"application\/ld+json\" class=\"yoast-schema-graph\">{\"@context\":\"https:\/\/schema.org\",\"@graph\":[{\"@type\":\"Organization\",\"@id\":\"https:\/\/store.vacuum-cnc.com\/en\/#organization\",\"name\":\"Vacuum CNC\",\"url\":\"https:\/\/store.vacuum-cnc.com\/en\/\",\"sameAs\":[\"https:\/\/www.youtube.com\/channel\/UCULikXSU9-i2DD5-Co5hTyA\"],\"logo\":{\"@type\":\"ImageObject\",\"@id\":\"https:\/\/store.vacuum-cnc.com\/en\/#logo\",\"inLanguage\":\"en-GB\",\"url\":\"https:\/\/store.vacuum-cnc.com\/en\/wp-content\/uploads\/sites\/4\/2017\/06\/logo2.png\",\"width\":400,\"height\":150,\"caption\":\"Vacuum CNC\"},\"image\":{\"@id\":\"https:\/\/store.vacuum-cnc.com\/en\/#logo\"}},{\"@type\":\"WebSite\",\"@id\":\"https:\/\/store.vacuum-cnc.com\/en\/#website\",\"url\":\"https:\/\/store.vacuum-cnc.com\/en\/\",\"name\":\"Vacuum CNC (English)\",\"description\":\"Vacuum pods for cnc machines\",\"publisher\":{\"@id\":\"https:\/\/store.vacuum-cnc.com\/en\/#organization\"},\"potentialAction\":[{\"@type\":\"SearchAction\",\"target\":\"https:\/\/store.vacuum-cnc.com\/en\/?s={search_term_string}\",\"query-input\":\"required name=search_term_string\"}],\"inLanguage\":\"en-GB\"},{\"@type\":\"WebPage\",\"@id\":\"https:\/\/vacuum-cnc.com\/en\/company\/#webpage\",\"url\":\"https:\/\/vacuum-cnc.com\/en\/company\/\",\"name\":\"Company &ndash; Vacuum CNC (English)\",\"isPartOf\":{\"@id\":\"https:\/\/store.vacuum-cnc.com\/en\/#website\"},\"datePublished\":\"2017-05-08T21:52:37+00:00\",\"dateModified\":\"2019-07-01T09:23:07+00:00\",\"inLanguage\":\"en-GB\",\"potentialAction\":[{\"@type\":\"ReadAction\",\"target\":[\"https:\/\/vacuum-cnc.com\/en\/company\/\"]}]}]}<\/script>\n<!-- \/ Yoast SEO plugin. -->","_links":{"self":[{"href":"https:\/\/store.vacuum-cnc.com\/en\/wp-json\/wp\/v2\/pages\/75","targetHints":{"allow":["GET"]}}],"collection":[{"href":"https:\/\/store.vacuum-cnc.com\/en\/wp-json\/wp\/v2\/pages"}],"about":[{"href":"https:\/\/store.vacuum-cnc.com\/en\/wp-json\/wp\/v2\/types\/page"}],"author":[{"embeddable":true,"href":"https:\/\/store.vacuum-cnc.com\/en\/wp-json\/wp\/v2\/users\/1"}],"replies":[{"embeddable":true,"href":"https:\/\/store.vacuum-cnc.com\/en\/wp-json\/wp\/v2\/comments?post=75"}],"version-history":[{"count":19,"href":"https:\/\/store.vacuum-cnc.com\/en\/wp-json\/wp\/v2\/pages\/75\/revisions"}],"predecessor-version":[{"id":3056,"href":"https:\/\/store.vacuum-cnc.com\/en\/wp-json\/wp\/v2\/pages\/75\/revisions\/3056"}],"wp:attachment":[{"href":"https:\/\/store.vacuum-cnc.com\/en\/wp-json\/wp\/v2\/media?parent=75"}],"curies":[{"name":"wp","href":"https:\/\/api.w.org\/{rel}","templated":true}]}}